{"id":412,"date":"2024-10-21T15:29:01","date_gmt":"2024-10-21T15:29:01","guid":{"rendered":"https:\/\/pcursos.firulaistudio.com\/?page_id=412"},"modified":"2025-04-29T13:28:13","modified_gmt":"2025-04-29T13:28:13","slug":"sobre-nosotros","status":"publish","type":"page","link":"https:\/\/santacruzbrewery.ec\/de\/sobre-nosotros\/","title":{"rendered":"\u00dcber uns"},"content":{"rendered":"<div data-elementor-type=\"wp-page\" data-elementor-id=\"412\" class=\"elementor elementor-412\" data-elementor-post-type=\"page\">\n\t\t\t\t<div class=\"elementor-element elementor-element-077de07 e-flex e-con-boxed e-con e-parent\" data-id=\"077de07\" data-element_type=\"container\" data-settings=\"{&quot;background_background&quot;:&quot;classic&quot;}\">\n\t\t\t\t\t<div class=\"e-con-inner\">\n\t\t\t\t<div class=\"elementor-element elementor-element-a6c9c19 elementor-widget elementor-widget-heading\" data-id=\"a6c9c19\" data-element_type=\"widget\" data-widget_type=\"heading.default\">\n\t\t\t\t<div class=\"elementor-widget-container\">\n\t\t\t<h2 class=\"elementor-heading-title elementor-size-default\">SOBRE NOSOTROS<\/h2>\t\t<\/div>\n\t\t\t\t<\/div>\n\t\t\t\t\t<\/div>\n\t\t\t\t<\/div>\n\t\t<div class=\"elementor-element elementor-element-2a25e4a1 e-con-full e-flex e-con e-parent\" data-id=\"2a25e4a1\" data-element_type=\"container\" data-settings=\"{&quot;background_background&quot;:&quot;gradient&quot;}\">\n\t\t<div class=\"elementor-element elementor-element-52d45c7 e-con-full e-flex e-con e-child\" data-id=\"52d45c7\" data-element_type=\"container\">\n\t\t\t\t<div class=\"elementor-element elementor-element-ee2332d elementor-widget elementor-widget-heading\" data-id=\"ee2332d\" data-element_type=\"widget\" data-widget_type=\"heading.default\">\n\t\t\t\t<div class=\"elementor-widget-container\">\n\t\t\t<h2 class=\"elementor-heading-title elementor-size-default\">Unsere Geschichte<\/h2>\t\t<\/div>\n\t\t\t\t<\/div>\n\t\t\t\t<div class=\"elementor-element elementor-element-4d0184eb elementor-widget elementor-widget-text-editor\" data-id=\"4d0184eb\" data-element_type=\"widget\" data-widget_type=\"text-editor.default\">\n\t\t\t\t<div class=\"elementor-widget-container\">\n\t\t\t\t\t\t\t<p class=\"\" data-start=\"108\" data-end=\"391\">En 2012 elaboramos la primera cerveza en Gal\u00e1pagos como cerveceros caseros (HomeBrewers). Ese a\u00f1o naci\u00f3 nuestro proyecto, impulsados por familiares y amigos que probaron nuestros primeros \u201cexperimentos\u201d y nos motivaron a formalizar la idea: crear una cerveza 100% hecha en Gal\u00e1pagos.<\/p><p class=\"\" data-start=\"393\" data-end=\"605\">Con el tiempo perfeccionamos nuestras recetas, pasando de tamaleras y molinos prestados a equipos m\u00e1s profesionales. En 2015 presentamos a la comunidad \u201cLa Galapague\u00f1a\u201d, la primera cerveza artesanal de Gal\u00e1pagos.<\/p>\t\t\t\t\t\t<\/div>\n\t\t\t\t<\/div>\n\t\t\t\t<\/div>\n\t\t\t\t<div class=\"elementor-element elementor-element-2d619bc6 elementor-widget__width-auto elementor-widget elementor-widget-image\" data-id=\"2d619bc6\" data-element_type=\"widget\" data-widget_type=\"image.default\">\n\t\t\t\t<div class=\"elementor-widget-container\">\n\t\t\t\t\t\t\t\t\t\t\t\t\t<img fetchpriority=\"high\" decoding=\"async\" width=\"700\" height=\"700\" src=\"https:\/\/santacruzbrewery.ec\/wp-content\/uploads\/2025\/04\/Diseno-sin-titulo-700x700.png\" class=\"attachment-tp-image-grid size-tp-image-grid wp-image-800\" alt=\"\" srcset=\"https:\/\/santacruzbrewery.ec\/wp-content\/uploads\/2025\/04\/Diseno-sin-titulo-700x700.png 700w, https:\/\/santacruzbrewery.ec\/wp-content\/uploads\/2025\/04\/Diseno-sin-titulo-150x150.png 150w, https:\/\/santacruzbrewery.ec\/wp-content\/uploads\/2025\/04\/Diseno-sin-titulo-300x300.png 300w, https:\/\/santacruzbrewery.ec\/wp-content\/uploads\/2025\/04\/Diseno-sin-titulo-100x100.png 100w\" sizes=\"(max-width: 700px) 100vw, 700px\" \/>\t\t\t\t\t\t\t\t\t\t\t\t\t<\/div>\n\t\t\t\t<\/div>\n\t\t\t\t<\/div>\n\t\t<div class=\"elementor-element elementor-element-24e4ff79 e-flex e-con-boxed e-con e-parent\" data-id=\"24e4ff79\" data-element_type=\"container\">\n\t\t\t\t\t<div class=\"e-con-inner\">\n\t\t<div class=\"elementor-element elementor-element-49a82941 e-con-full e-flex e-con e-child\" data-id=\"49a82941\" data-element_type=\"container\">\n\t\t\t\t<div class=\"elementor-element elementor-element-1654b9c4 elementor-view-default elementor-widget elementor-widget-icon\" data-id=\"1654b9c4\" data-element_type=\"widget\" data-widget_type=\"icon.default\">\n\t\t\t\t<div class=\"elementor-widget-container\">\n\t\t\t\t\t<div class=\"elementor-icon-wrapper\">\n\t\t\t<div class=\"elementor-icon\">\n\t\t\t<i aria-hidden=\"true\" class=\"xlwpf wppb-font-professor\"><\/i>\t\t\t<\/div>\n\t\t<\/div>\n\t\t\t\t<\/div>\n\t\t\t\t<\/div>\n\t\t\t\t<div class=\"elementor-element elementor-element-2e2ae7e1 elementor-widget elementor-widget-text-editor\" data-id=\"2e2ae7e1\" data-element_type=\"widget\" data-widget_type=\"text-editor.default\">\n\t\t\t\t<div class=\"elementor-widget-container\">\n\t\t\t\t\t\t\t<p>Das Ziel dieses Familienunternehmens ist die Schaffung einer nachhaltigen und \u00f6kologischen lokalen Wirtschaft. <br \/>Unsere Philosophie besteht darin, die Auswirkungen auf die Umwelt zu minimieren, die durch die Einfuhr von Produkten vom ecuadorianischen Kontinent entstehen, und mit diesem Vorhaben erreichen wir dieses Ziel. <br \/>Dar\u00fcber hinaus versuchen wir, keinen M\u00fcll zu produzieren. Wir verwenden das gesamte Wasser, das wir f\u00fcr die Bierherstellung verwenden, und auch die Flaschen wieder. <br \/>Die Gerstenbagasse wird an Bauernh\u00f6fe geliefert, die sie als Futter f\u00fcr Tiere verwenden. Damit helfen wir auch kleinen \u00f6rtlichen Bauernh\u00f6fen.<\/p><p>Im Jahr 2017 er\u00f6ffneten wir mit Hilfe von David Romero, dem derzeitigen Produktionsleiter, eine Nano-Brauerei. <br \/>Wir mieteten einen kleinen Laden, in dem Bier hergestellt wurde, und verkauften es dort.<br \/>Hier wurde das erste BrewPub auf Galapagos, die \u201eSanta Cruz Brewery\u201c, geboren<\/p><p class=\" translation-block\">Im Jahr 2018 wurde an diesem Ort die Micro-Brauerei gebaut. Wir befinden uns im Sektor Thomas de Berlanga, einem \u00dcbergangsgebiet, in dem das Klima angenehm und gut zum Brauen von Bier ist, und wir sind von drei auf mehr als 15 Brauarten \u00fcbergegangen. Dabei sind wir stets der saisonalen Verwendung treu geblieben Produkte und Fr\u00fcchte. <br>So entstanden Biere mit Passionsfrucht und Guave <br>Bier mit Orange<br>Bier mit Wassermelone <br>Bier mit Kaffee<br>Bier mit K\u00fcrbis <br>Bier mit Kokosnuss<br>Bier mit Mango <br>Und auch ein Bier mit Meersalz und Bio-Kaffeekirschen.<\/p>\t\t\t\t\t\t<\/div>\n\t\t\t\t<\/div>\n\t\t\t\t<\/div>\n\t\t<div class=\"elementor-element elementor-element-dd8cee0 e-con-full e-flex e-con e-child\" data-id=\"dd8cee0\" data-element_type=\"container\">\n\t\t\t\t<div class=\"elementor-element elementor-element-28d257d0 elementor-widget elementor-widget-image\" data-id=\"28d257d0\" data-element_type=\"widget\" data-widget_type=\"image.default\">\n\t\t\t\t<div class=\"elementor-widget-container\">\n\t\t\t\t\t\t\t\t\t\t\t\t\t<img decoding=\"async\" width=\"683\" height=\"1024\" src=\"https:\/\/santacruzbrewery.ec\/wp-content\/uploads\/2024\/11\/1723999196688-683x1024.webp\" class=\"attachment-large size-large wp-image-514\" alt=\"\" srcset=\"https:\/\/santacruzbrewery.ec\/wp-content\/uploads\/2024\/11\/1723999196688-683x1024.webp 683w, https:\/\/santacruzbrewery.ec\/wp-content\/uploads\/2024\/11\/1723999196688-200x300.webp 200w, https:\/\/santacruzbrewery.ec\/wp-content\/uploads\/2024\/11\/1723999196688-768x1152.webp 768w, https:\/\/santacruzbrewery.ec\/wp-content\/uploads\/2024\/11\/1723999196688-1024x1536.webp 1024w, https:\/\/santacruzbrewery.ec\/wp-content\/uploads\/2024\/11\/1723999196688-1365x2048.webp 1365w, https:\/\/santacruzbrewery.ec\/wp-content\/uploads\/2024\/11\/1723999196688-600x900.webp 600w, https:\/\/santacruzbrewery.ec\/wp-content\/uploads\/2024\/11\/1723999196688-scaled.webp 1707w\" sizes=\"(max-width: 683px) 100vw, 683px\" \/>\t\t\t\t\t\t\t\t\t\t\t\t\t<\/div>\n\t\t\t\t<\/div>\n\t\t\t\t<\/div>\n\t\t\t\t\t<\/div>\n\t\t\t\t<\/div>\n\t\t<div class=\"elementor-element elementor-element-6bf2b8d7 e-flex e-con-boxed e-con e-parent\" data-id=\"6bf2b8d7\" data-element_type=\"container\">\n\t\t\t\t\t<div class=\"e-con-inner\">\n\t\t<div class=\"elementor-element elementor-element-7aed4e8b e-con-full e-flex e-con e-child\" data-id=\"7aed4e8b\" data-element_type=\"container\">\n\t\t\t\t<div class=\"elementor-element elementor-element-1265cefb elementor-view-default elementor-widget elementor-widget-icon\" data-id=\"1265cefb\" data-element_type=\"widget\" data-widget_type=\"icon.default\">\n\t\t\t\t<div class=\"elementor-widget-container\">\n\t\t\t\t\t<div class=\"elementor-icon-wrapper\">\n\t\t\t<div class=\"elementor-icon\">\n\t\t\t<i aria-hidden=\"true\" class=\"xlwpf wppb-font-medal-alt\"><\/i>\t\t\t<\/div>\n\t\t<\/div>\n\t\t\t\t<\/div>\n\t\t\t\t<\/div>\n\t\t\t\t<div class=\"elementor-element elementor-element-36fde5d6 elementor-widget elementor-widget-text-editor\" data-id=\"36fde5d6\" data-element_type=\"widget\" data-widget_type=\"text-editor.default\">\n\t\t\t\t<div class=\"elementor-widget-container\">\n\t\t\t\t\t\t\t<p><span style=\"font-weight: 400;\">Im Jahr 2018 haben wir unseren Service erneuert und den gr\u00f6\u00dften RESTOPub vor dem Pelican Bay Pier er\u00f6ffnet. Wir sind sehr stolz darauf, auf Galapagos eine Bierkultur geschaffen zu haben und dass dieses vor einigen Jahren ins Leben gerufene Unternehmen so gro\u00dfes Interesse weckt.\u00a0<\/span><\/p><p>\u00a0<\/p><p><span style=\"font-weight: 400;\">Im Jahr 2019 wurden wir vom National Board of Artisans als \u201eBestes Kunsthandwerksprodukt\u201c ausgezeichnet.<\/span><\/p><p>\u00a0<\/p><p><span style=\"font-weight: 400;\">Im Jahr 2019 wurden wir vom Tourismusministerium als eines der besten 5 Tourismusprojekte ausgezeichnet. Diese Auszeichnung bezieht sich auf unser Projekt \u201eCerveceria Vivencia Santa Cruz\u201c, einen Service, der entwickelt wurde, damit in- und ausl\u00e4ndische Touristen unser Projekt kennenlernen k\u00f6nnen Erfahren Sie mehr \u00fcber unsere Geschichte und nehmen Sie am Produktionsprozess teil.<\/span><\/p><p>\u00a0<\/p><p><span style=\"font-weight: 400;\">Im Jahr 2020 wurden wir von TripAdvisor mit der Auszeichnung \u201eTravelers Choice\u201c ausgezeichnet.<\/span><\/p><p>\u00a0<\/p><p><span style=\"font-weight: 400;\">Aktuell und nachdem wir die Pandemie \u00fcberwunden haben.\u00a0<\/span><\/p><p><span style=\"font-weight: 400;\">Im August 2022 nahmen wir am Middle of the World Beer Cup teil und konkurrierten mit mehr als 150 Brauereien in Lateinamerika und gewannen 2 Biermedaillen.\u00a0<\/span><\/p><p><span style=\"font-weight: 400;\">Mit unserem Volc\u00e1nica-Bier, das mit Meersalz und Bio-Kaffeekirschen von Galapagos gebraut wird, und unserem Orangenbier ebenfalls aus Galapagos zeigen diese Anerkennungen, dass wir hier auf Galapagos Qualit\u00e4tsprodukte herstellen k\u00f6nnen.\u00a0<\/span><\/p><p>\u00a0<\/p><p><span style=\"font-weight: 400;\">Im Jahr 2023 kreierten wir ein helles Bier mit Zus\u00e4tzen von Galapagos-Kaffee und erhielten zwei Pokalmedaillen in Ecuador und eine internationale Medaille in Peru.\u00a0<\/span><\/p>\t\t\t\t\t\t<\/div>\n\t\t\t\t<\/div>\n\t\t\t\t<\/div>\n\t\t<div class=\"elementor-element elementor-element-7ae79085 e-con-full e-flex e-con e-child\" data-id=\"7ae79085\" data-element_type=\"container\">\n\t\t\t\t<div class=\"elementor-element elementor-element-33ae01de elementor-widget elementor-widget-image\" data-id=\"33ae01de\" data-element_type=\"widget\" data-widget_type=\"image.default\">\n\t\t\t\t<div class=\"elementor-widget-container\">\n\t\t\t\t\t\t\t\t\t\t\t\t\t<img decoding=\"async\" width=\"576\" height=\"1024\" src=\"https:\/\/santacruzbrewery.ec\/wp-content\/uploads\/2024\/11\/1724000265676-576x1024.webp\" class=\"attachment-large size-large wp-image-515\" alt=\"\" srcset=\"https:\/\/santacruzbrewery.ec\/wp-content\/uploads\/2024\/11\/1724000265676-576x1024.webp 576w, https:\/\/santacruzbrewery.ec\/wp-content\/uploads\/2024\/11\/1724000265676-169x300.webp 169w, https:\/\/santacruzbrewery.ec\/wp-content\/uploads\/2024\/11\/1724000265676-768x1365.webp 768w, https:\/\/santacruzbrewery.ec\/wp-content\/uploads\/2024\/11\/1724000265676-864x1536.webp 864w, https:\/\/santacruzbrewery.ec\/wp-content\/uploads\/2024\/11\/1724000265676-1152x2048.webp 1152w, https:\/\/santacruzbrewery.ec\/wp-content\/uploads\/2024\/11\/1724000265676-600x1067.webp 600w, https:\/\/santacruzbrewery.ec\/wp-content\/uploads\/2024\/11\/1724000265676-scaled.webp 1440w\" sizes=\"(max-width: 576px) 100vw, 576px\" \/>\t\t\t\t\t\t\t\t\t\t\t\t\t<\/div>\n\t\t\t\t<\/div>\n\t\t\t\t<\/div>\n\t\t\t\t\t<\/div>\n\t\t\t\t<\/div>\n\t\t<div class=\"elementor-element elementor-element-e7e5636 e-flex e-con-boxed e-con e-parent\" data-id=\"e7e5636\" data-element_type=\"container\">\n\t\t\t\t\t<div class=\"e-con-inner\">\n\t\t\t\t<div class=\"elementor-element elementor-element-3d7c4a9 elementor-widget elementor-widget-text-editor\" data-id=\"3d7c4a9\" data-element_type=\"widget\" data-widget_type=\"text-editor.default\">\n\t\t\t\t<div class=\"elementor-widget-container\">\n\t\t\t\t\t\t\t<p><span style=\"font-weight: 400;\">Au\u00dferdem haben wir im Halbweltcup zwei zus\u00e4tzliche Medaillen gewonnen. Dieses Jahr war ein wichtiges Jahr f\u00fcr unsere Brauerei und erhielt f\u00fcnf Biermedaillen f\u00fcr Galapagos.<\/span><\/p>\n<p><\/p>\n<p><span style=\"font-weight: 400;\">En el a\u00f1o 2024 fuimos reconocidos con\u00a0 2 medallas de oro en la competencia nacional Mitad del Mundo y este a\u00f1o. Logramos nuestro 1era medalla de oro internacional en la copa Guaran\u00ed de Paraguay adem\u00e1s recibimos 1 medalla de plata y 1 de bronce en la Copa Uruguay, 2 medallas de plata en Per\u00fa<\/span><\/p>\n<p><span style=\"font-weight: 400;\">Wir glauben, dass wir ein Vorbild f\u00fcr zuk\u00fcnftige Unternehmer sein k\u00f6nnen und dass sie sehen, dass ein Traum Wirklichkeit werden kann. Produkte schaffen, die ein Beispiel f\u00fcr ein produktives Gal\u00e1pagos\u00f1o sind.<\/span><\/p>\n<p><\/p>\n<p><span style=\"font-weight: 400;\">Vielen Dank f\u00fcr Ihren Besuch und die Unterst\u00fctzung lokaler Unternehmen.<\/span><\/p>\t\t\t\t\t\t<\/div>\n\t\t\t\t<\/div>\n\t\t\t\t\t<\/div>\n\t\t\t\t<\/div>\n\t\t<div class=\"elementor-element elementor-element-5c9ce6bb e-flex e-con-boxed e-con e-parent\" data-id=\"5c9ce6bb\" data-element_type=\"container\" data-settings=\"{&quot;background_background&quot;:&quot;classic&quot;}\">\n\t\t\t\t\t<div class=\"e-con-inner\">\n\t\t<div class=\"elementor-element elementor-element-77a494bc e-con-full e-flex e-con e-child\" data-id=\"77a494bc\" data-element_type=\"container\">\n\t\t\t\t<div class=\"elementor-element elementor-element-7cc32b06 elementor-widget elementor-widget-counter\" data-id=\"7cc32b06\" data-element_type=\"widget\" data-widget_type=\"counter.default\">\n\t\t\t\t<div class=\"elementor-widget-container\">\n\t\t\t\t\t<div class=\"elementor-counter\">\n\t\t\t<div class=\"elementor-counter-title\">Jahrelange Erfahrung<\/div>\t\t\t<div class=\"elementor-counter-number-wrapper\">\n\t\t\t\t<span class=\"elementor-counter-number-prefix\">+<\/span>\n\t\t\t\t<span class=\"elementor-counter-number\" data-duration=\"2000\" data-to-value=\"20\" data-from-value=\"0\" data-delimiter=\",\">0<\/span>\n\t\t\t\t<span class=\"elementor-counter-number-suffix\"><\/span>\n\t\t\t<\/div>\n\t\t<\/div>\n\t\t\t\t<\/div>\n\t\t\t\t<\/div>\n\t\t\t\t<div class=\"elementor-element elementor-element-687c7053 elementor-widget elementor-widget-counter\" data-id=\"687c7053\" data-element_type=\"widget\" data-widget_type=\"counter.default\">\n\t\t\t\t<div class=\"elementor-widget-container\">\n\t\t\t\t\t<div class=\"elementor-counter\">\n\t\t\t<div class=\"elementor-counter-title\">zufriedene Kunden<\/div>\t\t\t<div class=\"elementor-counter-number-wrapper\">\n\t\t\t\t<span class=\"elementor-counter-number-prefix\">+<\/span>\n\t\t\t\t<span class=\"elementor-counter-number\" data-duration=\"2000\" data-to-value=\"2000\" data-from-value=\"0\" data-delimiter=\",\">0<\/span>\n\t\t\t\t<span class=\"elementor-counter-number-suffix\"><\/span>\n\t\t\t<\/div>\n\t\t<\/div>\n\t\t\t\t<\/div>\n\t\t\t\t<\/div>\n\t\t\t\t<\/div>\n\t\t\t\t\t<\/div>\n\t\t\t\t<\/div>\n\t\t<div class=\"elementor-element elementor-element-8b3e809 e-flex e-con-boxed e-con e-parent\" data-id=\"8b3e809\" data-element_type=\"container\">\n\t\t\t\t\t<div class=\"e-con-inner\">\n\t\t<div class=\"elementor-element elementor-element-7320193 e-con-full e-flex elementor-invisible e-con e-child\" data-id=\"7320193\" data-element_type=\"container\" data-settings=\"{&quot;animation&quot;:&quot;fadeInUp&quot;}\">\n\t\t\t\t<div class=\"elementor-element elementor-element-7e9a430 elementor-widget elementor-widget-heading\" data-id=\"7e9a430\" data-element_type=\"widget\" data-widget_type=\"heading.default\">\n\t\t\t\t<div class=\"elementor-widget-container\">\n\t\t\t<h2 class=\"elementor-heading-title elementor-size-default\">Zufriedene Kunden<\/h2>\t\t<\/div>\n\t\t\t\t<\/div>\n\t\t\t\t<div class=\"elementor-element elementor-element-dd3427a elementor-widget-divider--view-line elementor-widget elementor-widget-divider\" data-id=\"dd3427a\" data-element_type=\"widget\" data-widget_type=\"divider.default\">\n\t\t\t\t<div class=\"elementor-widget-container\">\n\t\t\t\t\t<div class=\"elementor-divider\">\n\t\t\t<span class=\"elementor-divider-separator\">\n\t\t\t\t\t\t<\/span>\n\t\t<\/div>\n\t\t\t\t<\/div>\n\t\t\t\t<\/div>\n\t\t\t\t<div class=\"elementor-element elementor-element-0496ff4 elementor-widget elementor-widget-text-editor\" data-id=\"0496ff4\" data-element_type=\"widget\" data-widget_type=\"text-editor.default\">\n\t\t\t\t<div class=\"elementor-widget-container\">\n\t\t\t\t\t\t\t<p>Wir kreieren handwerklich hergestellte Biere h\u00f6chster Qualit\u00e4t, die die Brautradition feiern, Momente der Verbundenheit anregen und den Stolz auf unsere lokale Kultur f\u00f6rdern.<\/p>\t\t\t\t\t\t<\/div>\n\t\t\t\t<\/div>\n\t\t\t\t<\/div>\n\t\t<div class=\"elementor-element elementor-element-7bb2954 e-con-full e-flex elementor-invisible e-con e-child\" data-id=\"7bb2954\" data-element_type=\"container\" data-settings=\"{&quot;animation&quot;:&quot;fadeInUp&quot;,&quot;animation_delay&quot;:300}\">\n\t\t\t\t<div class=\"elementor-element elementor-element-865b0df elementor-widget elementor-widget-heading\" data-id=\"865b0df\" data-element_type=\"widget\" data-widget_type=\"heading.default\">\n\t\t\t\t<div class=\"elementor-widget-container\">\n\t\t\t<h2 class=\"elementor-heading-title elementor-size-default\">Vision<\/h2>\t\t<\/div>\n\t\t\t\t<\/div>\n\t\t\t\t<div class=\"elementor-element elementor-element-e3d6663 elementor-widget-divider--view-line elementor-widget elementor-widget-divider\" data-id=\"e3d6663\" data-element_type=\"widget\" data-widget_type=\"divider.default\">\n\t\t\t\t<div class=\"elementor-widget-container\">\n\t\t\t\t\t<div class=\"elementor-divider\">\n\t\t\t<span class=\"elementor-divider-separator\">\n\t\t\t\t\t\t<\/span>\n\t\t<\/div>\n\t\t\t\t<\/div>\n\t\t\t\t<\/div>\n\t\t\t\t<div class=\"elementor-element elementor-element-90e641e elementor-widget elementor-widget-text-editor\" data-id=\"90e641e\" data-element_type=\"widget\" data-widget_type=\"text-editor.default\">\n\t\t\t\t<div class=\"elementor-widget-container\">\n\t\t\t\t\t\t\t<p>Als Ma\u00dfstab in der Bierwelt anerkannt zu werden, die Erfahrung der Santa Cruz Brewery in jede Ecke zu bringen und sich durch unsere Leidenschaft, Innovation und unser Engagement f\u00fcr Exzellenz hervorzuheben.<\/p>\t\t\t\t\t\t<\/div>\n\t\t\t\t<\/div>\n\t\t\t\t<\/div>\n\t\t\t\t\t<\/div>\n\t\t\t\t<\/div>\n\t\t\t\t<\/div>","protected":false},"excerpt":{"rendered":"<p>SOBRE NOSOTROS Nuestra historia En 2012 elaboramos la primera cerveza en Gal\u00e1pagos como cerveceros caseros (HomeBrewers). Ese a\u00f1o naci\u00f3 nuestro proyecto, impulsados por familiares y amigos que probaron nuestros primeros \u201cexperimentos\u201d y nos motivaron a formalizar la idea: crear una cerveza 100% hecha en Gal\u00e1pagos. Con el tiempo perfeccionamos nuestras recetas, pasando de tamaleras y [&hellip;]<\/p>","protected":false},"author":2,"featured_media":0,"parent":0,"menu_order":0,"comment_status":"closed","ping_status":"closed","template":"","meta":{"footnotes":""},"class_list":["post-412","page","type-page","status-publish","hentry"],"_links":{"self":[{"href":"https:\/\/santacruzbrewery.ec\/de\/wp-json\/wp\/v2\/pages\/412","targetHints":{"allow":["GET"]}}],"collection":[{"href":"https:\/\/santacruzbrewery.ec\/de\/wp-json\/wp\/v2\/pages"}],"about":[{"href":"https:\/\/santacruzbrewery.ec\/de\/wp-json\/wp\/v2\/types\/page"}],"author":[{"embeddable":true,"href":"https:\/\/santacruzbrewery.ec\/de\/wp-json\/wp\/v2\/users\/2"}],"replies":[{"embeddable":true,"href":"https:\/\/santacruzbrewery.ec\/de\/wp-json\/wp\/v2\/comments?post=412"}],"version-history":[{"count":0,"href":"https:\/\/santacruzbrewery.ec\/de\/wp-json\/wp\/v2\/pages\/412\/revisions"}],"wp:attachment":[{"href":"https:\/\/santacruzbrewery.ec\/de\/wp-json\/wp\/v2\/media?parent=412"}],"curies":[{"name":"wp","href":"https:\/\/api.w.org\/{rel}","templated":true}]}}