{"id":710,"date":"2024-11-22T03:44:45","date_gmt":"2024-11-22T03:44:45","guid":{"rendered":"https:\/\/santacruzbrewery.celleza.com\/?page_id=710"},"modified":"2024-11-22T03:49:22","modified_gmt":"2024-11-22T03:49:22","slug":"blog","status":"publish","type":"page","link":"https:\/\/santacruzbrewery.ec\/de\/blog\/","title":{"rendered":"Blog"},"content":{"rendered":"<div data-elementor-type=\"wp-page\" data-elementor-id=\"710\" class=\"elementor elementor-710\" data-elementor-post-type=\"page\">\n\t\t\t\t<div class=\"elementor-element elementor-element-d2f37b2 e-flex e-con-boxed e-con e-parent\" data-id=\"d2f37b2\" data-element_type=\"container\" data-settings=\"{&quot;background_background&quot;:&quot;classic&quot;}\">\n\t\t\t\t\t<div class=\"e-con-inner\">\n\t\t\t\t<div class=\"elementor-element elementor-element-12f8969 elementor-widget elementor-widget-heading\" data-id=\"12f8969\" data-element_type=\"widget\" data-widget_type=\"heading.default\">\n\t\t\t\t<div class=\"elementor-widget-container\">\n\t\t\t<h2 class=\"elementor-heading-title elementor-size-default\">Blog<\/h2>\t\t<\/div>\n\t\t\t\t<\/div>\n\t\t\t\t\t<\/div>\n\t\t\t\t<\/div>\n\t\t<div class=\"elementor-element elementor-element-f85deca e-flex e-con-boxed e-con e-parent\" data-id=\"f85deca\" data-element_type=\"container\">\n\t\t\t\t\t<div class=\"e-con-inner\">\n\t\t\t\t<div class=\"elementor-element elementor-element-6943eea elementor-widget elementor-widget-elementskit-blog-posts\" data-id=\"6943eea\" data-element_type=\"widget\" data-widget_type=\"elementskit-blog-posts.default\">\n\t\t\t\t<div class=\"elementor-widget-container\">\n\t\t\t<div class=\"ekit-wid-con\" >\n        <div id=\"post-items--6943eea\" class=\"row post-items ekit-blog-posts-content wihout-masonry\" data-enable=\"no\">\n\n\t\t\t<!-- Blog Carousel markup render -->\n\t\t\t\n\n            <div class=\"col-md-12\">\n\n                                    <div class=\"elementskit-blog-block-post\">\n                        <div class=\"row no-gutters\">\n                                                            <div class=\"col-md-6 order-1\">\n                                    <a href=\"https:\/\/santacruzbrewery.ec\/de\/2024\/10\/21\/demo3\/\" class=\"elementskit-entry-thumb\">\n                                        <img decoding=\"async\" src=\"https:\/\/santacruzbrewery.ec\/wp-content\/uploads\/2024\/11\/1724000266306-1-1-1024x576.webp\" alt=\"\u00bfPor Qu\u00e9 Elegir Cervezas Locales?\">\n                                    <\/a><!-- .elementskit-entry-thumb END -->\n                                <\/div>\n                            \n                            <div class=\"col-md-6 order-2\">\n                                <div class=\"elementskit-post-body\">\n                                    <div class=\"elementskit-entry-header\">\n                                        \n                                                                                                                                                                        \n                                            \n                                            \t\t\t\t\t\t\t\t\t\t\t\t                <h2 class=\"entry-title\">\n                    <a href=\"https:\/\/santacruzbrewery.ec\/de\/2024\/10\/21\/demo3\/\">\n                            Warum lokale Biere w\u00e4hlen?                    <\/a>\n                <\/h2>\n                                                                                                <\/div><!-- .elementskit-entry-header END -->\n\n                                                                            <div class=\"elementskit-post-footer\">\n                                                                                            <p>Bei der Unterst\u00fctzung lokaler Brauereien wie der Santa Cruz Brewery geht es um mehr als nur den Genuss von gro\u00dfartigem Bier. ist es, einen Beitrag zur Wirtschaft und Kultur unserer Gemeinschaft zu leisten. Jeder Kauf st\u00e4rkt die lokalen Produzenten, die ihr Leben der Perfektionierung dieses Getr\u00e4nks widmen. Auch lokale Biere bieten unvergleichliche Frische und authentische Aromen. Im Gegensatz zu [\u2026] <\/p>\n                                                                                                                                <\/div><!-- .elementskit-post-footer END -->\n                                                                    <\/div><!-- .elementskit-post-body END -->\n                            <\/div>\n                        <\/div>\n                    <\/div><!-- .elementskit-blog-block-post .radius .gradient-bg END -->\n                \n            <\/div>\t\t\t\t\n\n            <div class=\"col-md-12\">\n\n                                    <div class=\"elementskit-blog-block-post\">\n                        <div class=\"row no-gutters\">\n                                                            <div class=\"col-md-6 order-1\">\n                                    <a href=\"https:\/\/santacruzbrewery.ec\/de\/2024\/10\/21\/demo2\/\" class=\"elementskit-entry-thumb\">\n                                        <img decoding=\"async\" src=\"https:\/\/santacruzbrewery.ec\/wp-content\/uploads\/2024\/11\/1723999196283-1024x683.webp\" alt=\"C\u00f3mo Maridar Cervezas Artesanales y Comida\">\n                                    <\/a><!-- .elementskit-entry-thumb END -->\n                                <\/div>\n                            \n                            <div class=\"col-md-6 order-2\">\n                                <div class=\"elementskit-post-body\">\n                                    <div class=\"elementskit-entry-header\">\n                                        \n                                                                                                                                                                        \n                                            \n                                            \t\t\t\t\t\t\t\t\t\t\t\t                <h2 class=\"entry-title\">\n                    <a href=\"https:\/\/santacruzbrewery.ec\/de\/2024\/10\/21\/demo2\/\">\n                            So kombinieren Sie Craft-Biere und Essen                    <\/a>\n                <\/h2>\n                                                                                                <\/div><!-- .elementskit-entry-header END -->\n\n                                                                            <div class=\"elementskit-post-footer\">\n                                                                                            <p>Die Kombination von Craft-Bieren und Essen ist ein Abenteuer, das jede Mahlzeit in ein Gourmet-Erlebnis verwandelt. Der Schl\u00fcssel liegt darin, die perfekte Balance zwischen den Aromen des Bieres und den Gerichten zu finden. Ein Pale Ale passt beispielsweise wunderbar zu gegrilltem Fleisch, w\u00e4hrend ein Weizenbier [\u2026] <\/p>\n                                                                                                                                <\/div><!-- .elementskit-post-footer END -->\n                                                                    <\/div><!-- .elementskit-post-body END -->\n                            <\/div>\n                        <\/div>\n                    <\/div><!-- .elementskit-blog-block-post .radius .gradient-bg END -->\n                \n            <\/div>\t\t\t\t\n\n            <div class=\"col-md-12\">\n\n                                    <div class=\"elementskit-blog-block-post\">\n                        <div class=\"row no-gutters\">\n                                                            <div class=\"col-md-6 order-1\">\n                                    <a href=\"https:\/\/santacruzbrewery.ec\/de\/2024\/10\/21\/demo1\/\" class=\"elementskit-entry-thumb\">\n                                        <img decoding=\"async\" src=\"https:\/\/santacruzbrewery.ec\/wp-content\/uploads\/2024\/11\/1726530723932-1024x683.webp\" alt=\"El Arte de la Cerveza Artesanal: M\u00e1s que una Bebida\">\n                                    <\/a><!-- .elementskit-entry-thumb END -->\n                                <\/div>\n                            \n                            <div class=\"col-md-6 order-2\">\n                                <div class=\"elementskit-post-body\">\n                                    <div class=\"elementskit-entry-header\">\n                                        \n                                                                                                                                                                        \n                                            \n                                            \t\t\t\t\t\t\t\t\t\t\t\t                <h2 class=\"entry-title\">\n                    <a href=\"https:\/\/santacruzbrewery.ec\/de\/2024\/10\/21\/demo1\/\">\n                            Die Kunst des Craft Beer: Mehr als ein Getr\u00e4nk                    <\/a>\n                <\/h2>\n                                                                                                <\/div><!-- .elementskit-entry-header END -->\n\n                                                                            <div class=\"elementskit-post-footer\">\n                                                                                            <p>Craft Beer ist nicht nur ein Getr\u00e4nk, sondern ein Erlebnis. Jede Charge erz\u00e4hlt eine Geschichte, von der Auswahl der Zutaten bis zum Fermentationsprozess, bei dem Hingabe und Kreativit\u00e4t zusammenkommen. Bei der Santa Cruz Brewery spiegelt sich unsere Leidenschaft f\u00fcr Bier in jedem Stil wider, den wir produzieren. Wir erkunden [\u2026] <\/p>\n                                                                                                                                <\/div><!-- .elementskit-post-footer END -->\n                                                                    <\/div><!-- .elementskit-post-body END -->\n                            <\/div>\n                        <\/div>\n                    <\/div><!-- .elementskit-blog-block-post .radius .gradient-bg END -->\n                \n            <\/div>\t\t\t\t        <\/div>\n        \n        \n        <\/div>\t\t<\/div>\n\t\t\t\t<\/div>\n\t\t\t\t\t<\/div>\n\t\t\t\t<\/div>\n\t\t\t\t<\/div>","protected":false},"excerpt":{"rendered":"<p>Blog Demo3 Lorem ipsum dolor sit amet consectetur adipiscing elit, maecenas facilisis nascetur aptent felis id facilisi risus, varius habitant malesuada iaculis platea erat. Rutrum accumsan elementum sapien mattis neque vel facilisis, curabitur felis pretium fusce ridiculus potenti a interdum, sodales ullamcorper sagittis nibh tempus habitasse. Sapien tristique bibendum nascetur mauris quam eros justo, elementum [&hellip;]<\/p>","protected":false},"author":2,"featured_media":0,"parent":0,"menu_order":0,"comment_status":"closed","ping_status":"closed","template":"elementor_header_footer","meta":{"footnotes":""},"class_list":["post-710","page","type-page","status-publish","hentry"],"_links":{"self":[{"href":"https:\/\/santacruzbrewery.ec\/de\/wp-json\/wp\/v2\/pages\/710","targetHints":{"allow":["GET"]}}],"collection":[{"href":"https:\/\/santacruzbrewery.ec\/de\/wp-json\/wp\/v2\/pages"}],"about":[{"href":"https:\/\/santacruzbrewery.ec\/de\/wp-json\/wp\/v2\/types\/page"}],"author":[{"embeddable":true,"href":"https:\/\/santacruzbrewery.ec\/de\/wp-json\/wp\/v2\/users\/2"}],"replies":[{"embeddable":true,"href":"https:\/\/santacruzbrewery.ec\/de\/wp-json\/wp\/v2\/comments?post=710"}],"version-history":[{"count":0,"href":"https:\/\/santacruzbrewery.ec\/de\/wp-json\/wp\/v2\/pages\/710\/revisions"}],"wp:attachment":[{"href":"https:\/\/santacruzbrewery.ec\/de\/wp-json\/wp\/v2\/media?parent=710"}],"curies":[{"name":"wp","href":"https:\/\/api.w.org\/{rel}","templated":true}]}}