{"id":673,"date":"2024-11-22T03:21:16","date_gmt":"2024-11-22T03:21:16","guid":{"rendered":"https:\/\/santacruzbrewery.celleza.com\/?page_id=673"},"modified":"2025-02-14T15:11:06","modified_gmt":"2025-02-14T15:11:06","slug":"restaurante","status":"publish","type":"page","link":"https:\/\/santacruzbrewery.ec\/en\/restaurante\/","title":{"rendered":"Restaurant"},"content":{"rendered":"<div data-elementor-type=\"wp-page\" data-elementor-id=\"673\" class=\"elementor elementor-673\" data-elementor-post-type=\"page\">\n\t\t\t\t<div class=\"elementor-element elementor-element-1758aa2 e-flex e-con-boxed e-con e-parent\" data-id=\"1758aa2\" data-element_type=\"container\" data-settings=\"{&quot;background_background&quot;:&quot;classic&quot;}\">\n\t\t\t\t\t<div class=\"e-con-inner\">\n\t\t\t\t<div class=\"elementor-element elementor-element-e52bffe elementor-widget elementor-widget-heading\" data-id=\"e52bffe\" data-element_type=\"widget\" data-widget_type=\"heading.default\">\n\t\t\t\t<div class=\"elementor-widget-container\">\n\t\t\t<h2 class=\"elementor-heading-title elementor-size-default\">Restaurant<\/h2>\t\t<\/div>\n\t\t\t\t<\/div>\n\t\t\t\t\t<\/div>\n\t\t\t\t<\/div>\n\t\t<div class=\"elementor-element elementor-element-2f4e2c3 e-flex e-con-boxed e-con e-parent\" data-id=\"2f4e2c3\" data-element_type=\"container\">\n\t\t\t\t\t<div class=\"e-con-inner\">\n\t\t<div class=\"elementor-element elementor-element-3a77810 e-con-full e-flex e-con e-child\" data-id=\"3a77810\" data-element_type=\"container\">\n\t\t\t\t<div class=\"elementor-element elementor-element-73cf1e7 elementor-widget elementor-widget-image\" data-id=\"73cf1e7\" data-element_type=\"widget\" data-widget_type=\"image.default\">\n\t\t\t\t<div class=\"elementor-widget-container\">\n\t\t\t\t\t\t\t\t\t\t\t\t\t<img fetchpriority=\"high\" decoding=\"async\" width=\"731\" height=\"1024\" src=\"https:\/\/santacruzbrewery.ec\/wp-content\/uploads\/2024\/11\/DSC0422-731x1024.webp\" class=\"attachment-large size-large wp-image-682\" alt=\"\" srcset=\"https:\/\/santacruzbrewery.ec\/wp-content\/uploads\/2024\/11\/DSC0422-731x1024.webp 731w, https:\/\/santacruzbrewery.ec\/wp-content\/uploads\/2024\/11\/DSC0422-214x300.webp 214w, https:\/\/santacruzbrewery.ec\/wp-content\/uploads\/2024\/11\/DSC0422-768x1075.webp 768w, https:\/\/santacruzbrewery.ec\/wp-content\/uploads\/2024\/11\/DSC0422-1097x1536.webp 1097w, https:\/\/santacruzbrewery.ec\/wp-content\/uploads\/2024\/11\/DSC0422-1463x2048.webp 1463w, https:\/\/santacruzbrewery.ec\/wp-content\/uploads\/2024\/11\/DSC0422-600x840.webp 600w, https:\/\/santacruzbrewery.ec\/wp-content\/uploads\/2024\/11\/DSC0422-scaled.webp 1828w\" sizes=\"(max-width: 731px) 100vw, 731px\" \/>\t\t\t\t\t\t\t\t\t\t\t\t\t<\/div>\n\t\t\t\t<\/div>\n\t\t\t\t<\/div>\n\t\t<div class=\"elementor-element elementor-element-490db6b e-con-full e-flex e-con e-child\" data-id=\"490db6b\" data-element_type=\"container\">\n\t\t<div class=\"elementor-element elementor-element-52129dc e-con-full e-flex e-con e-child\" data-id=\"52129dc\" data-element_type=\"container\">\n\t\t\t\t<div class=\"elementor-element elementor-element-27da389 elementor-widget elementor-widget-heading\" data-id=\"27da389\" data-element_type=\"widget\" data-widget_type=\"heading.default\">\n\t\t\t\t<div class=\"elementor-widget-container\">\n\t\t\t<h2 class=\"elementor-heading-title elementor-size-default\">Our specialties<\/h2>\t\t<\/div>\n\t\t\t\t<\/div>\n\t\t\t\t<div class=\"elementor-element elementor-element-84615fb elementor-widget elementor-widget-text-editor\" data-id=\"84615fb\" data-element_type=\"widget\" data-widget_type=\"text-editor.default\">\n\t\t\t\t<div class=\"elementor-widget-container\">\n\t\t\t\t\t\t\t<p>When you arrive in Galapagos, the meeting point is our Resto-pub, a unique place with the best pubstyle food and our beers brewed 100% in Galapagos.<br \/>Enjoy the best view of Pelican Bay. Proud to have forged the beer path in the Galapagos<\/p>\t\t\t\t\t\t<\/div>\n\t\t\t\t<\/div>\n\t\t\t\t<div class=\"elementor-element elementor-element-74e6aaa elementor-widget elementor-widget-heading\" data-id=\"74e6aaa\" data-element_type=\"widget\" data-widget_type=\"heading.default\">\n\t\t\t\t<div class=\"elementor-widget-container\">\n\t\t\t<h2 class=\"elementor-heading-title elementor-size-default\">Download the menu<\/h2>\t\t<\/div>\n\t\t\t\t<\/div>\n\t\t\t\t<\/div>\n\t\t\t\t<div class=\"elementor-element elementor-element-895f4bd elementor-align-center elementor-widget elementor-widget-button\" data-id=\"895f4bd\" data-element_type=\"widget\" data-widget_type=\"button.default\">\n\t\t\t\t<div class=\"elementor-widget-container\">\n\t\t\t\t\t<div class=\"elementor-button-wrapper\">\n\t\t\t<a class=\"elementor-button elementor-button-link elementor-size-sm\" href=\"https:\/\/santacruzbrewery.celleza.com\/wp-content\/uploads\/2025\/02\/Menu-SCB-Espanol.pdf\">\n\t\t\t\t\t\t<span class=\"elementor-button-content-wrapper\">\n\t\t\t\t\t\t\t\t\t<span class=\"elementor-button-text\">En Espa\u00f1ol<\/span>\n\t\t\t\t\t<\/span>\n\t\t\t\t\t<\/a>\n\t\t<\/div>\n\t\t\t\t<\/div>\n\t\t\t\t<\/div>\n\t\t\t\t<div class=\"elementor-element elementor-element-6d77bff elementor-align-center elementor-widget elementor-widget-button\" data-id=\"6d77bff\" data-element_type=\"widget\" data-widget_type=\"button.default\">\n\t\t\t\t<div class=\"elementor-widget-container\">\n\t\t\t\t\t<div class=\"elementor-button-wrapper\">\n\t\t\t<a class=\"elementor-button elementor-button-link elementor-size-sm\" href=\"https:\/\/santacruzbrewery.celleza.com\/wp-content\/uploads\/2025\/02\/Menu-SCB-INGLES.pdf\">\n\t\t\t\t\t\t<span class=\"elementor-button-content-wrapper\">\n\t\t\t\t\t\t\t\t\t<span class=\"elementor-button-text\">In English<\/span>\n\t\t\t\t\t<\/span>\n\t\t\t\t\t<\/a>\n\t\t<\/div>\n\t\t\t\t<\/div>\n\t\t\t\t<\/div>\n\t\t\t\t<\/div>\n\t\t\t\t\t<\/div>\n\t\t\t\t<\/div>\n\t\t<div class=\"elementor-element elementor-element-7a84ac0 e-flex e-con-boxed e-con e-parent\" data-id=\"7a84ac0\" data-element_type=\"container\">\n\t\t\t\t\t<div class=\"e-con-inner\">\n\t\t\t\t<div class=\"elementor-element elementor-element-00f0f18 elementor-widget elementor-widget-gallery\" data-id=\"00f0f18\" data-element_type=\"widget\" data-settings=\"{&quot;lazyload&quot;:&quot;yes&quot;,&quot;gallery_layout&quot;:&quot;grid&quot;,&quot;columns&quot;:4,&quot;columns_tablet&quot;:2,&quot;columns_mobile&quot;:1,&quot;gap&quot;:{&quot;unit&quot;:&quot;px&quot;,&quot;size&quot;:10,&quot;sizes&quot;:[]},&quot;gap_tablet&quot;:{&quot;unit&quot;:&quot;px&quot;,&quot;size&quot;:10,&quot;sizes&quot;:[]},&quot;gap_mobile&quot;:{&quot;unit&quot;:&quot;px&quot;,&quot;size&quot;:10,&quot;sizes&quot;:[]},&quot;link_to&quot;:&quot;file&quot;,&quot;aspect_ratio&quot;:&quot;3:2&quot;,&quot;overlay_background&quot;:&quot;yes&quot;,&quot;content_hover_animation&quot;:&quot;fade-in&quot;}\" data-widget_type=\"gallery.default\">\n\t\t\t\t<div class=\"elementor-widget-container\">\n\t\t\t\t\t<div class=\"elementor-gallery__container\">\n\t\t\t\t\t\t\t<a class=\"e-gallery-item elementor-gallery-item elementor-animated-content\" href=\"https:\/\/santacruzbrewery.ec\/wp-content\/uploads\/2024\/11\/DSC0209-2-scaled.jpg\" data-elementor-open-lightbox=\"yes\" data-elementor-lightbox-slideshow=\"00f0f18\" data-elementor-lightbox-title=\"_DSC0209 (2)\" data-e-action-hash=\"#elementor-action%3Aaction%3Dlightbox%26settings%3DeyJpZCI6Njg0LCJ1cmwiOiJodHRwczpcL1wvc2FudGFjcnV6YnJld2VyeS5lY1wvd3AtY29udGVudFwvdXBsb2Fkc1wvMjAyNFwvMTFcL0RTQzAyMDktMi1zY2FsZWQuanBnIiwic2xpZGVzaG93IjoiMDBmMGYxOCJ9\">\n\t\t\t\t\t<div class=\"e-gallery-image elementor-gallery-item__image\" data-thumbnail=\"https:\/\/santacruzbrewery.ec\/wp-content\/uploads\/2024\/11\/DSC0209-2-240x300.jpg\" data-width=\"240\" data-height=\"300\" aria-label=\"\" role=\"img\" ><\/div>\n\t\t\t\t\t\t\t\t\t\t\t<div class=\"elementor-gallery-item__overlay\"><\/div>\n\t\t\t\t\t\t\t\t\t\t\t\t\t\t<\/a>\n\t\t\t\t\t\t\t<a class=\"e-gallery-item elementor-gallery-item elementor-animated-content\" href=\"https:\/\/santacruzbrewery.ec\/wp-content\/uploads\/2024\/11\/DSC0256-2-scaled.jpg\" data-elementor-open-lightbox=\"yes\" data-elementor-lightbox-slideshow=\"00f0f18\" data-elementor-lightbox-title=\"_DSC0256 (2)\" data-e-action-hash=\"#elementor-action%3Aaction%3Dlightbox%26settings%3DeyJpZCI6Njg2LCJ1cmwiOiJodHRwczpcL1wvc2FudGFjcnV6YnJld2VyeS5lY1wvd3AtY29udGVudFwvdXBsb2Fkc1wvMjAyNFwvMTFcL0RTQzAyNTYtMi1zY2FsZWQuanBnIiwic2xpZGVzaG93IjoiMDBmMGYxOCJ9\">\n\t\t\t\t\t<div class=\"e-gallery-image elementor-gallery-item__image\" data-thumbnail=\"https:\/\/santacruzbrewery.ec\/wp-content\/uploads\/2024\/11\/DSC0256-2-240x300.jpg\" data-width=\"240\" data-height=\"300\" aria-label=\"\" role=\"img\" ><\/div>\n\t\t\t\t\t\t\t\t\t\t\t<div class=\"elementor-gallery-item__overlay\"><\/div>\n\t\t\t\t\t\t\t\t\t\t\t\t\t\t<\/a>\n\t\t\t\t\t\t\t<a class=\"e-gallery-item elementor-gallery-item elementor-animated-content\" href=\"https:\/\/santacruzbrewery.ec\/wp-content\/uploads\/2024\/11\/DSC0256-1-scaled.jpg\" data-elementor-open-lightbox=\"yes\" data-elementor-lightbox-slideshow=\"00f0f18\" data-elementor-lightbox-title=\"_DSC0256 (1)\" data-e-action-hash=\"#elementor-action%3Aaction%3Dlightbox%26settings%3DeyJpZCI6Njg3LCJ1cmwiOiJodHRwczpcL1wvc2FudGFjcnV6YnJld2VyeS5lY1wvd3AtY29udGVudFwvdXBsb2Fkc1wvMjAyNFwvMTFcL0RTQzAyNTYtMS1zY2FsZWQuanBnIiwic2xpZGVzaG93IjoiMDBmMGYxOCJ9\">\n\t\t\t\t\t<div class=\"e-gallery-image elementor-gallery-item__image\" data-thumbnail=\"https:\/\/santacruzbrewery.ec\/wp-content\/uploads\/2024\/11\/DSC0256-1-240x300.jpg\" data-width=\"240\" data-height=\"300\" aria-label=\"\" role=\"img\" ><\/div>\n\t\t\t\t\t\t\t\t\t\t\t<div class=\"elementor-gallery-item__overlay\"><\/div>\n\t\t\t\t\t\t\t\t\t\t\t\t\t\t<\/a>\n\t\t\t\t\t\t\t<a class=\"e-gallery-item elementor-gallery-item elementor-animated-content\" href=\"https:\/\/santacruzbrewery.ec\/wp-content\/uploads\/2024\/11\/DSC0290-1-1-scaled.jpg\" data-elementor-open-lightbox=\"yes\" data-elementor-lightbox-slideshow=\"00f0f18\" data-elementor-lightbox-title=\"_DSC0290 (1) (1)\" data-e-action-hash=\"#elementor-action%3Aaction%3Dlightbox%26settings%3DeyJpZCI6Njg4LCJ1cmwiOiJodHRwczpcL1wvc2FudGFjcnV6YnJld2VyeS5lY1wvd3AtY29udGVudFwvdXBsb2Fkc1wvMjAyNFwvMTFcL0RTQzAyOTAtMS0xLXNjYWxlZC5qcGciLCJzbGlkZXNob3ciOiIwMGYwZjE4In0%3D\">\n\t\t\t\t\t<div class=\"e-gallery-image elementor-gallery-item__image\" data-thumbnail=\"https:\/\/santacruzbrewery.ec\/wp-content\/uploads\/2024\/11\/DSC0290-1-1-300x240.jpg\" data-width=\"300\" data-height=\"240\" aria-label=\"\" role=\"img\" ><\/div>\n\t\t\t\t\t\t\t\t\t\t\t<div class=\"elementor-gallery-item__overlay\"><\/div>\n\t\t\t\t\t\t\t\t\t\t\t\t\t\t<\/a>\n\t\t\t\t\t\t\t<a class=\"e-gallery-item elementor-gallery-item elementor-animated-content\" href=\"https:\/\/santacruzbrewery.ec\/wp-content\/uploads\/2024\/11\/DSC0343-2-scaled.jpg\" data-elementor-open-lightbox=\"yes\" data-elementor-lightbox-slideshow=\"00f0f18\" data-elementor-lightbox-title=\"_DSC0343 (2)\" data-e-action-hash=\"#elementor-action%3Aaction%3Dlightbox%26settings%3DeyJpZCI6Njg5LCJ1cmwiOiJodHRwczpcL1wvc2FudGFjcnV6YnJld2VyeS5lY1wvd3AtY29udGVudFwvdXBsb2Fkc1wvMjAyNFwvMTFcL0RTQzAzNDMtMi1zY2FsZWQuanBnIiwic2xpZGVzaG93IjoiMDBmMGYxOCJ9\">\n\t\t\t\t\t<div class=\"e-gallery-image elementor-gallery-item__image\" data-thumbnail=\"https:\/\/santacruzbrewery.ec\/wp-content\/uploads\/2024\/11\/DSC0343-2-240x300.jpg\" data-width=\"240\" data-height=\"300\" aria-label=\"\" role=\"img\" ><\/div>\n\t\t\t\t\t\t\t\t\t\t\t<div class=\"elementor-gallery-item__overlay\"><\/div>\n\t\t\t\t\t\t\t\t\t\t\t\t\t\t<\/a>\n\t\t\t\t\t\t\t<a class=\"e-gallery-item elementor-gallery-item elementor-animated-content\" href=\"https:\/\/santacruzbrewery.ec\/wp-content\/uploads\/2024\/11\/DSC0343-1-scaled.jpg\" data-elementor-open-lightbox=\"yes\" data-elementor-lightbox-slideshow=\"00f0f18\" data-elementor-lightbox-title=\"_DSC0343 (1)\" data-e-action-hash=\"#elementor-action%3Aaction%3Dlightbox%26settings%3DeyJpZCI6NjkwLCJ1cmwiOiJodHRwczpcL1wvc2FudGFjcnV6YnJld2VyeS5lY1wvd3AtY29udGVudFwvdXBsb2Fkc1wvMjAyNFwvMTFcL0RTQzAzNDMtMS1zY2FsZWQuanBnIiwic2xpZGVzaG93IjoiMDBmMGYxOCJ9\">\n\t\t\t\t\t<div class=\"e-gallery-image elementor-gallery-item__image\" data-thumbnail=\"https:\/\/santacruzbrewery.ec\/wp-content\/uploads\/2024\/11\/DSC0343-1-240x300.jpg\" data-width=\"240\" data-height=\"300\" aria-label=\"\" role=\"img\" ><\/div>\n\t\t\t\t\t\t\t\t\t\t\t<div class=\"elementor-gallery-item__overlay\"><\/div>\n\t\t\t\t\t\t\t\t\t\t\t\t\t\t<\/a>\n\t\t\t\t\t\t\t<a class=\"e-gallery-item elementor-gallery-item elementor-animated-content\" href=\"https:\/\/santacruzbrewery.ec\/wp-content\/uploads\/2024\/11\/DSC0361-1-scaled.jpg\" data-elementor-open-lightbox=\"yes\" data-elementor-lightbox-slideshow=\"00f0f18\" data-elementor-lightbox-title=\"_DSC0361 (1)\" data-e-action-hash=\"#elementor-action%3Aaction%3Dlightbox%26settings%3DeyJpZCI6NjkxLCJ1cmwiOiJodHRwczpcL1wvc2FudGFjcnV6YnJld2VyeS5lY1wvd3AtY29udGVudFwvdXBsb2Fkc1wvMjAyNFwvMTFcL0RTQzAzNjEtMS1zY2FsZWQuanBnIiwic2xpZGVzaG93IjoiMDBmMGYxOCJ9\">\n\t\t\t\t\t<div class=\"e-gallery-image elementor-gallery-item__image\" data-thumbnail=\"https:\/\/santacruzbrewery.ec\/wp-content\/uploads\/2024\/11\/DSC0361-1-300x240.jpg\" data-width=\"300\" data-height=\"240\" aria-label=\"\" role=\"img\" ><\/div>\n\t\t\t\t\t\t\t\t\t\t\t<div class=\"elementor-gallery-item__overlay\"><\/div>\n\t\t\t\t\t\t\t\t\t\t\t\t\t\t<\/a>\n\t\t\t\t\t\t\t<a class=\"e-gallery-item elementor-gallery-item elementor-animated-content\" href=\"https:\/\/santacruzbrewery.ec\/wp-content\/uploads\/2024\/11\/DSC0381-1-scaled.jpg\" data-elementor-open-lightbox=\"yes\" data-elementor-lightbox-slideshow=\"00f0f18\" data-elementor-lightbox-title=\"_DSC0381 (1)\" data-e-action-hash=\"#elementor-action%3Aaction%3Dlightbox%26settings%3DeyJpZCI6NjkyLCJ1cmwiOiJodHRwczpcL1wvc2FudGFjcnV6YnJld2VyeS5lY1wvd3AtY29udGVudFwvdXBsb2Fkc1wvMjAyNFwvMTFcL0RTQzAzODEtMS1zY2FsZWQuanBnIiwic2xpZGVzaG93IjoiMDBmMGYxOCJ9\">\n\t\t\t\t\t<div class=\"e-gallery-image elementor-gallery-item__image\" data-thumbnail=\"https:\/\/santacruzbrewery.ec\/wp-content\/uploads\/2024\/11\/DSC0381-1-240x300.jpg\" data-width=\"240\" data-height=\"300\" aria-label=\"\" role=\"img\" ><\/div>\n\t\t\t\t\t\t\t\t\t\t\t<div class=\"elementor-gallery-item__overlay\"><\/div>\n\t\t\t\t\t\t\t\t\t\t\t\t\t\t<\/a>\n\t\t\t\t\t\t\t<a class=\"e-gallery-item elementor-gallery-item elementor-animated-content\" href=\"https:\/\/santacruzbrewery.ec\/wp-content\/uploads\/2024\/11\/DSC0387-1-scaled.jpg\" data-elementor-open-lightbox=\"yes\" data-elementor-lightbox-slideshow=\"00f0f18\" data-elementor-lightbox-title=\"_DSC0387 (1)\" data-e-action-hash=\"#elementor-action%3Aaction%3Dlightbox%26settings%3DeyJpZCI6NjkzLCJ1cmwiOiJodHRwczpcL1wvc2FudGFjcnV6YnJld2VyeS5lY1wvd3AtY29udGVudFwvdXBsb2Fkc1wvMjAyNFwvMTFcL0RTQzAzODctMS1zY2FsZWQuanBnIiwic2xpZGVzaG93IjoiMDBmMGYxOCJ9\">\n\t\t\t\t\t<div class=\"e-gallery-image elementor-gallery-item__image\" data-thumbnail=\"https:\/\/santacruzbrewery.ec\/wp-content\/uploads\/2024\/11\/DSC0387-1-169x300.jpg\" data-width=\"169\" data-height=\"300\" aria-label=\"\" role=\"img\" ><\/div>\n\t\t\t\t\t\t\t\t\t\t\t<div class=\"elementor-gallery-item__overlay\"><\/div>\n\t\t\t\t\t\t\t\t\t\t\t\t\t\t<\/a>\n\t\t\t\t\t\t\t<a class=\"e-gallery-item elementor-gallery-item elementor-animated-content\" href=\"https:\/\/santacruzbrewery.ec\/wp-content\/uploads\/2024\/11\/DSC0434-1-scaled.jpg\" data-elementor-open-lightbox=\"yes\" data-elementor-lightbox-slideshow=\"00f0f18\" data-elementor-lightbox-title=\"_DSC0434 (1)\" data-e-action-hash=\"#elementor-action%3Aaction%3Dlightbox%26settings%3DeyJpZCI6Njk0LCJ1cmwiOiJodHRwczpcL1wvc2FudGFjcnV6YnJld2VyeS5lY1wvd3AtY29udGVudFwvdXBsb2Fkc1wvMjAyNFwvMTFcL0RTQzA0MzQtMS1zY2FsZWQuanBnIiwic2xpZGVzaG93IjoiMDBmMGYxOCJ9\">\n\t\t\t\t\t<div class=\"e-gallery-image elementor-gallery-item__image\" data-thumbnail=\"https:\/\/santacruzbrewery.ec\/wp-content\/uploads\/2024\/11\/DSC0434-1-169x300.jpg\" data-width=\"169\" data-height=\"300\" aria-label=\"\" role=\"img\" ><\/div>\n\t\t\t\t\t\t\t\t\t\t\t<div class=\"elementor-gallery-item__overlay\"><\/div>\n\t\t\t\t\t\t\t\t\t\t\t\t\t\t<\/a>\n\t\t\t\t\t\t\t<a class=\"e-gallery-item elementor-gallery-item elementor-animated-content\" href=\"https:\/\/santacruzbrewery.ec\/wp-content\/uploads\/2024\/11\/DSC0396-1-scaled.jpg\" data-elementor-open-lightbox=\"yes\" data-elementor-lightbox-slideshow=\"00f0f18\" data-elementor-lightbox-title=\"_DSC0396 (1)\" data-e-action-hash=\"#elementor-action%3Aaction%3Dlightbox%26settings%3DeyJpZCI6Njk1LCJ1cmwiOiJodHRwczpcL1wvc2FudGFjcnV6YnJld2VyeS5lY1wvd3AtY29udGVudFwvdXBsb2Fkc1wvMjAyNFwvMTFcL0RTQzAzOTYtMS1zY2FsZWQuanBnIiwic2xpZGVzaG93IjoiMDBmMGYxOCJ9\">\n\t\t\t\t\t<div class=\"e-gallery-image elementor-gallery-item__image\" data-thumbnail=\"https:\/\/santacruzbrewery.ec\/wp-content\/uploads\/2024\/11\/DSC0396-1-214x300.jpg\" data-width=\"214\" data-height=\"300\" aria-label=\"\" role=\"img\" ><\/div>\n\t\t\t\t\t\t\t\t\t\t\t<div class=\"elementor-gallery-item__overlay\"><\/div>\n\t\t\t\t\t\t\t\t\t\t\t\t\t\t<\/a>\n\t\t\t\t\t\t\t<a class=\"e-gallery-item elementor-gallery-item elementor-animated-content\" href=\"https:\/\/santacruzbrewery.ec\/wp-content\/uploads\/2024\/11\/DSC0464-1-scaled.jpg\" data-elementor-open-lightbox=\"yes\" data-elementor-lightbox-slideshow=\"00f0f18\" data-elementor-lightbox-title=\"_DSC0464 (1)\" data-e-action-hash=\"#elementor-action%3Aaction%3Dlightbox%26settings%3DeyJpZCI6Njk2LCJ1cmwiOiJodHRwczpcL1wvc2FudGFjcnV6YnJld2VyeS5lY1wvd3AtY29udGVudFwvdXBsb2Fkc1wvMjAyNFwvMTFcL0RTQzA0NjQtMS1zY2FsZWQuanBnIiwic2xpZGVzaG93IjoiMDBmMGYxOCJ9\">\n\t\t\t\t\t<div class=\"e-gallery-image elementor-gallery-item__image\" data-thumbnail=\"https:\/\/santacruzbrewery.ec\/wp-content\/uploads\/2024\/11\/DSC0464-1-240x300.jpg\" data-width=\"240\" data-height=\"300\" aria-label=\"\" role=\"img\" ><\/div>\n\t\t\t\t\t\t\t\t\t\t\t<div class=\"elementor-gallery-item__overlay\"><\/div>\n\t\t\t\t\t\t\t\t\t\t\t\t\t\t<\/a>\n\t\t\t\t\t\t\t<a class=\"e-gallery-item elementor-gallery-item elementor-animated-content\" href=\"https:\/\/santacruzbrewery.ec\/wp-content\/uploads\/2024\/11\/DSC0467-1-scaled.jpg\" data-elementor-open-lightbox=\"yes\" data-elementor-lightbox-slideshow=\"00f0f18\" data-elementor-lightbox-title=\"_DSC0467 (1)\" data-e-action-hash=\"#elementor-action%3Aaction%3Dlightbox%26settings%3DeyJpZCI6Njk3LCJ1cmwiOiJodHRwczpcL1wvc2FudGFjcnV6YnJld2VyeS5lY1wvd3AtY29udGVudFwvdXBsb2Fkc1wvMjAyNFwvMTFcL0RTQzA0NjctMS1zY2FsZWQuanBnIiwic2xpZGVzaG93IjoiMDBmMGYxOCJ9\">\n\t\t\t\t\t<div class=\"e-gallery-image elementor-gallery-item__image\" data-thumbnail=\"https:\/\/santacruzbrewery.ec\/wp-content\/uploads\/2024\/11\/DSC0467-1-214x300.jpg\" data-width=\"214\" data-height=\"300\" aria-label=\"\" role=\"img\" ><\/div>\n\t\t\t\t\t\t\t\t\t\t\t<div class=\"elementor-gallery-item__overlay\"><\/div>\n\t\t\t\t\t\t\t\t\t\t\t\t\t\t<\/a>\n\t\t\t\t\t\t\t<a class=\"e-gallery-item elementor-gallery-item elementor-animated-content\" href=\"https:\/\/santacruzbrewery.ec\/wp-content\/uploads\/2024\/11\/DSC0615-1-scaled.jpg\" data-elementor-open-lightbox=\"yes\" data-elementor-lightbox-slideshow=\"00f0f18\" data-elementor-lightbox-title=\"_DSC0615 (1)\" data-e-action-hash=\"#elementor-action%3Aaction%3Dlightbox%26settings%3DeyJpZCI6Njk4LCJ1cmwiOiJodHRwczpcL1wvc2FudGFjcnV6YnJld2VyeS5lY1wvd3AtY29udGVudFwvdXBsb2Fkc1wvMjAyNFwvMTFcL0RTQzA2MTUtMS1zY2FsZWQuanBnIiwic2xpZGVzaG93IjoiMDBmMGYxOCJ9\">\n\t\t\t\t\t<div class=\"e-gallery-image elementor-gallery-item__image\" data-thumbnail=\"https:\/\/santacruzbrewery.ec\/wp-content\/uploads\/2024\/11\/DSC0615-1-169x300.jpg\" data-width=\"169\" data-height=\"300\" aria-label=\"\" role=\"img\" ><\/div>\n\t\t\t\t\t\t\t\t\t\t\t<div class=\"elementor-gallery-item__overlay\"><\/div>\n\t\t\t\t\t\t\t\t\t\t\t\t\t\t<\/a>\n\t\t\t\t\t\t\t<a class=\"e-gallery-item elementor-gallery-item elementor-animated-content\" href=\"https:\/\/santacruzbrewery.ec\/wp-content\/uploads\/2024\/11\/DSC0706-1-scaled.jpg\" data-elementor-open-lightbox=\"yes\" data-elementor-lightbox-slideshow=\"00f0f18\" data-elementor-lightbox-title=\"_DSC0706 (1)\" data-e-action-hash=\"#elementor-action%3Aaction%3Dlightbox%26settings%3DeyJpZCI6Njk5LCJ1cmwiOiJodHRwczpcL1wvc2FudGFjcnV6YnJld2VyeS5lY1wvd3AtY29udGVudFwvdXBsb2Fkc1wvMjAyNFwvMTFcL0RTQzA3MDYtMS1zY2FsZWQuanBnIiwic2xpZGVzaG93IjoiMDBmMGYxOCJ9\">\n\t\t\t\t\t<div class=\"e-gallery-image elementor-gallery-item__image\" data-thumbnail=\"https:\/\/santacruzbrewery.ec\/wp-content\/uploads\/2024\/11\/DSC0706-1-240x300.jpg\" data-width=\"240\" data-height=\"300\" aria-label=\"\" role=\"img\" ><\/div>\n\t\t\t\t\t\t\t\t\t\t\t<div class=\"elementor-gallery-item__overlay\"><\/div>\n\t\t\t\t\t\t\t\t\t\t\t\t\t\t<\/a>\n\t\t\t\t\t\t\t<a class=\"e-gallery-item elementor-gallery-item elementor-animated-content\" href=\"https:\/\/santacruzbrewery.ec\/wp-content\/uploads\/2024\/11\/DSC0735-1-scaled.jpg\" data-elementor-open-lightbox=\"yes\" data-elementor-lightbox-slideshow=\"00f0f18\" data-elementor-lightbox-title=\"_DSC0735 (1)\" data-e-action-hash=\"#elementor-action%3Aaction%3Dlightbox%26settings%3DeyJpZCI6NzAwLCJ1cmwiOiJodHRwczpcL1wvc2FudGFjcnV6YnJld2VyeS5lY1wvd3AtY29udGVudFwvdXBsb2Fkc1wvMjAyNFwvMTFcL0RTQzA3MzUtMS1zY2FsZWQuanBnIiwic2xpZGVzaG93IjoiMDBmMGYxOCJ9\">\n\t\t\t\t\t<div class=\"e-gallery-image elementor-gallery-item__image\" data-thumbnail=\"https:\/\/santacruzbrewery.ec\/wp-content\/uploads\/2024\/11\/DSC0735-1-240x300.jpg\" data-width=\"240\" data-height=\"300\" aria-label=\"\" role=\"img\" ><\/div>\n\t\t\t\t\t\t\t\t\t\t\t<div class=\"elementor-gallery-item__overlay\"><\/div>\n\t\t\t\t\t\t\t\t\t\t\t\t\t\t<\/a>\n\t\t\t\t\t\t\t<a class=\"e-gallery-item elementor-gallery-item elementor-animated-content\" href=\"https:\/\/santacruzbrewery.ec\/wp-content\/uploads\/2024\/11\/1723771112289-1-scaled.jpg\" data-elementor-open-lightbox=\"yes\" data-elementor-lightbox-slideshow=\"00f0f18\" data-elementor-lightbox-title=\"1723771112289 (1)\" data-e-action-hash=\"#elementor-action%3Aaction%3Dlightbox%26settings%3DeyJpZCI6NzAxLCJ1cmwiOiJodHRwczpcL1wvc2FudGFjcnV6YnJld2VyeS5lY1wvd3AtY29udGVudFwvdXBsb2Fkc1wvMjAyNFwvMTFcLzE3MjM3NzExMTIyODktMS1zY2FsZWQuanBnIiwic2xpZGVzaG93IjoiMDBmMGYxOCJ9\">\n\t\t\t\t\t<div class=\"e-gallery-image elementor-gallery-item__image\" data-thumbnail=\"https:\/\/santacruzbrewery.ec\/wp-content\/uploads\/2024\/11\/1723771112289-1-300x169.jpg\" data-width=\"300\" data-height=\"169\" aria-label=\"\" role=\"img\" ><\/div>\n\t\t\t\t\t\t\t\t\t\t\t<div class=\"elementor-gallery-item__overlay\"><\/div>\n\t\t\t\t\t\t\t\t\t\t\t\t\t\t<\/a>\n\t\t\t\t\t\t\t<a class=\"e-gallery-item elementor-gallery-item elementor-animated-content\" href=\"https:\/\/santacruzbrewery.ec\/wp-content\/uploads\/2024\/11\/DSC0801-1-scaled.jpg\" data-elementor-open-lightbox=\"yes\" data-elementor-lightbox-slideshow=\"00f0f18\" data-elementor-lightbox-title=\"_DSC0801 (1)\" data-e-action-hash=\"#elementor-action%3Aaction%3Dlightbox%26settings%3DeyJpZCI6NzAyLCJ1cmwiOiJodHRwczpcL1wvc2FudGFjcnV6YnJld2VyeS5lY1wvd3AtY29udGVudFwvdXBsb2Fkc1wvMjAyNFwvMTFcL0RTQzA4MDEtMS1zY2FsZWQuanBnIiwic2xpZGVzaG93IjoiMDBmMGYxOCJ9\">\n\t\t\t\t\t<div class=\"e-gallery-image elementor-gallery-item__image\" data-thumbnail=\"https:\/\/santacruzbrewery.ec\/wp-content\/uploads\/2024\/11\/DSC0801-1-214x300.jpg\" data-width=\"214\" data-height=\"300\" aria-label=\"\" role=\"img\" ><\/div>\n\t\t\t\t\t\t\t\t\t\t\t<div class=\"elementor-gallery-item__overlay\"><\/div>\n\t\t\t\t\t\t\t\t\t\t\t\t\t\t<\/a>\n\t\t\t\t\t\t\t<a class=\"e-gallery-item elementor-gallery-item elementor-animated-content\" href=\"https:\/\/santacruzbrewery.ec\/wp-content\/uploads\/2024\/11\/DSC0149-1-scaled.jpg\" data-elementor-open-lightbox=\"yes\" data-elementor-lightbox-slideshow=\"00f0f18\" data-elementor-lightbox-title=\"_DSC0149 (1)\" data-e-action-hash=\"#elementor-action%3Aaction%3Dlightbox%26settings%3DeyJpZCI6NzAzLCJ1cmwiOiJodHRwczpcL1wvc2FudGFjcnV6YnJld2VyeS5lY1wvd3AtY29udGVudFwvdXBsb2Fkc1wvMjAyNFwvMTFcL0RTQzAxNDktMS1zY2FsZWQuanBnIiwic2xpZGVzaG93IjoiMDBmMGYxOCJ9\">\n\t\t\t\t\t<div class=\"e-gallery-image elementor-gallery-item__image\" data-thumbnail=\"https:\/\/santacruzbrewery.ec\/wp-content\/uploads\/2024\/11\/DSC0149-1-300x240.jpg\" data-width=\"300\" data-height=\"240\" aria-label=\"\" role=\"img\" ><\/div>\n\t\t\t\t\t\t\t\t\t\t\t<div class=\"elementor-gallery-item__overlay\"><\/div>\n\t\t\t\t\t\t\t\t\t\t\t\t\t\t<\/a>\n\t\t\t\t\t<\/div>\n\t\t\t<\/div>\n\t\t\t\t<\/div>\n\t\t\t\t\t<\/div>\n\t\t\t\t<\/div>\n\t\t\t\t<\/div>","protected":false},"excerpt":{"rendered":"<p>Restaurante Nuestras especialidades Cuando llegas a Gal\u00e1pagos, el punto de encuentro es nuestro Resto-pub, un lugar \u00fanico con la mejor comida pubstyle y nuestras cervezas elaborada 100% en Galapagos.Disfruta de la mejor vista de Pelican Bay. Orgullosos de haber forjado el camino cervecero en Gal\u00e1pagos Descarga el men\u00fa En Espa\u00f1ol In English<\/p>","protected":false},"author":2,"featured_media":0,"parent":0,"menu_order":0,"comment_status":"closed","ping_status":"closed","template":"elementor_header_footer","meta":{"footnotes":""},"class_list":["post-673","page","type-page","status-publish","hentry"],"_links":{"self":[{"href":"https:\/\/santacruzbrewery.ec\/en\/wp-json\/wp\/v2\/pages\/673","targetHints":{"allow":["GET"]}}],"collection":[{"href":"https:\/\/santacruzbrewery.ec\/en\/wp-json\/wp\/v2\/pages"}],"about":[{"href":"https:\/\/santacruzbrewery.ec\/en\/wp-json\/wp\/v2\/types\/page"}],"author":[{"embeddable":true,"href":"https:\/\/santacruzbrewery.ec\/en\/wp-json\/wp\/v2\/users\/2"}],"replies":[{"embeddable":true,"href":"https:\/\/santacruzbrewery.ec\/en\/wp-json\/wp\/v2\/comments?post=673"}],"version-history":[{"count":0,"href":"https:\/\/santacruzbrewery.ec\/en\/wp-json\/wp\/v2\/pages\/673\/revisions"}],"wp:attachment":[{"href":"https:\/\/santacruzbrewery.ec\/en\/wp-json\/wp\/v2\/media?parent=673"}],"curies":[{"name":"wp","href":"https:\/\/api.w.org\/{rel}","templated":true}]}}